{"id":1126,"date":"2021-07-01T17:59:37","date_gmt":"2021-07-01T20:59:37","guid":{"rendered":"https:\/\/centhury.com.br\/?page_id=1126"},"modified":"2021-07-02T21:55:10","modified_gmt":"2021-07-03T00:55:10","slug":"portfolio","status":"publish","type":"page","link":"http:\/\/centhury.com.br\/index.php\/portfolio\/","title":{"rendered":"Portfolio"},"content":{"rendered":"\t\t<div data-elementor-type=\"wp-post\" data-elementor-id=\"1126\" class=\"elementor elementor-1126\">\n\t\t\t\t\t\t\t\t\t<section class=\"elementor-section elementor-top-section elementor-element elementor-element-d827e56 elementor-section-boxed elementor-section-height-default elementor-section-height-default\" data-id=\"d827e56\" data-element_type=\"section\" data-settings=\"{&quot;background_background&quot;:&quot;classic&quot;}\">\n\t\t\t\t\t\t<div class=\"elementor-container elementor-column-gap-default\">\n\t\t\t\t\t<div class=\"elementor-column elementor-col-100 elementor-top-column elementor-element elementor-element-e54a7f8\" data-id=\"e54a7f8\" data-element_type=\"column\">\n\t\t\t<div class=\"elementor-widget-wrap elementor-element-populated\">\n\t\t\t\t\t\t\t\t<div class=\"elementor-element elementor-element-9146c75 elementor-widget-divider--view-line elementor-widget elementor-widget-divider\" data-id=\"9146c75\" data-element_type=\"widget\" data-widget_type=\"divider.default\">\n\t\t\t\t<div class=\"elementor-widget-container\">\n\t\t\t\t\t<div class=\"elementor-divider\">\n\t\t\t<span class=\"elementor-divider-separator\">\n\t\t\t\t\t\t<\/span>\n\t\t<\/div>\n\t\t\t\t<\/div>\n\t\t\t\t<\/div>\n\t\t\t\t\t<\/div>\n\t\t<\/div>\n\t\t\t\t\t\t\t<\/div>\n\t\t<\/section>\n\t\t\t\t<section class=\"elementor-section elementor-top-section elementor-element elementor-element-mp2kist elementor-section-boxed elementor-section-height-default elementor-section-height-default\" data-id=\"mp2kist\" data-element_type=\"section\" data-settings=\"{&quot;background_background&quot;:&quot;classic&quot;}\">\n\t\t\t\t\t\t<div class=\"elementor-container elementor-column-gap-default\">\n\t\t\t\t\t<div class=\"elementor-column elementor-col-100 elementor-top-column elementor-element elementor-element-3bfd4be\" data-id=\"3bfd4be\" data-element_type=\"column\">\n\t\t\t<div class=\"elementor-widget-wrap elementor-element-populated\">\n\t\t\t\t\t\t\t\t<div class=\"elementor-element elementor-element-0a1f6a0 elementor-widget elementor-widget-heading\" data-id=\"0a1f6a0\" data-element_type=\"widget\" data-widget_type=\"heading.default\">\n\t\t\t\t<div class=\"elementor-widget-container\">\n\t\t\t<h1 class=\"elementor-heading-title elementor-size-default\">Nosso Portf\u00f3lio<\/h1>\t\t<\/div>\n\t\t\t\t<\/div>\n\t\t\t\t<div class=\"elementor-element elementor-element-e5243f1 elementor-widget elementor-widget-text-editor\" data-id=\"e5243f1\" data-element_type=\"widget\" data-widget_type=\"text-editor.default\">\n\t\t\t\t<div class=\"elementor-widget-container\">\n\t\t\t\t\t\t\t<p><strong>Aqui, alguns dentre nossos milhares de materiais j\u00e1 realizados.<\/strong><\/p>\t\t\t\t\t\t<\/div>\n\t\t\t\t<\/div>\n\t\t\t\t<div class=\"elementor-element elementor-element-c03f93f elementor-widget-divider--view-line elementor-widget elementor-widget-divider\" data-id=\"c03f93f\" data-element_type=\"widget\" data-widget_type=\"divider.default\">\n\t\t\t\t<div class=\"elementor-widget-container\">\n\t\t\t\t\t<div class=\"elementor-divider\">\n\t\t\t<span class=\"elementor-divider-separator\">\n\t\t\t\t\t\t<\/span>\n\t\t<\/div>\n\t\t\t\t<\/div>\n\t\t\t\t<\/div>\n\t\t\t\t<div class=\"elementor-element elementor-element-3741179 gallery-spacing-custom elementor-widget elementor-widget-image-gallery\" data-id=\"3741179\" data-element_type=\"widget\" data-widget_type=\"image-gallery.default\">\n\t\t\t\t<div class=\"elementor-widget-container\">\n\t\t\t\t\t<div class=\"elementor-image-gallery\">\n\t\t\t<div id='gallery-1' class='gallery galleryid-1126 gallery-columns-3 gallery-size-full'><figure class='gallery-item'>\n\t\t\t<div class='gallery-icon landscape'>\n\t\t\t\t<a data-elementor-open-lightbox=\"yes\" data-elementor-lightbox-slideshow=\"3741179\" data-elementor-lightbox-title=\"IMG_6490-800x600\" e-action-hash=\"#elementor-action%3Aaction%3Dlightbox%26settings%3DeyJpZCI6ODIzLCJ1cmwiOiJodHRwOlwvXC9jZW50aHVyeS5jb20uYnJcL3dwLWNvbnRlbnRcL3VwbG9hZHNcLzIwMjFcLzA2XC9JTUdfNjQ5MC04MDB4NjAwLTEuanBnIiwic2xpZGVzaG93IjoiMzc0MTE3OSJ9\" href='http:\/\/centhury.com.br\/img_6490-800x600\/'><img loading=\"lazy\" decoding=\"async\" width=\"800\" height=\"600\" src=\"http:\/\/centhury.com.br\/wp-content\/uploads\/2021\/06\/IMG_6490-800x600-1.jpg\" class=\"attachment-full size-full\" alt=\"\" srcset=\"http:\/\/centhury.com.br\/wp-content\/uploads\/2021\/06\/IMG_6490-800x600-1.jpg 800w, http:\/\/centhury.com.br\/wp-content\/uploads\/2021\/06\/IMG_6490-800x600-1-300x225.jpg 300w, http:\/\/centhury.com.br\/wp-content\/uploads\/2021\/06\/IMG_6490-800x600-1-768x576.jpg 768w\" sizes=\"(max-width: 800px) 100vw, 800px\" \/><\/a>\n\t\t\t<\/div><\/figure><figure class='gallery-item'>\n\t\t\t<div class='gallery-icon landscape'>\n\t\t\t\t<a data-elementor-open-lightbox=\"yes\" data-elementor-lightbox-slideshow=\"3741179\" data-elementor-lightbox-title=\"IMG_1838\" e-action-hash=\"#elementor-action%3Aaction%3Dlightbox%26settings%3DeyJpZCI6NjgwLCJ1cmwiOiJodHRwOlwvXC9jZW50aHVyeS5jb20uYnJcL3dwLWNvbnRlbnRcL3VwbG9hZHNcLzIwMjFcLzA2XC9JTUdfMTgzOC5qcGciLCJzbGlkZXNob3ciOiIzNzQxMTc5In0%3D\" href='http:\/\/centhury.com.br\/img_1838\/'><img loading=\"lazy\" decoding=\"async\" width=\"1200\" height=\"924\" src=\"http:\/\/centhury.com.br\/wp-content\/uploads\/2021\/06\/IMG_1838.jpg\" class=\"attachment-full size-full\" alt=\"\" srcset=\"http:\/\/centhury.com.br\/wp-content\/uploads\/2021\/06\/IMG_1838.jpg 1200w, http:\/\/centhury.com.br\/wp-content\/uploads\/2021\/06\/IMG_1838-300x231.jpg 300w, http:\/\/centhury.com.br\/wp-content\/uploads\/2021\/06\/IMG_1838-1024x788.jpg 1024w, http:\/\/centhury.com.br\/wp-content\/uploads\/2021\/06\/IMG_1838-768x591.jpg 768w\" sizes=\"(max-width: 1200px) 100vw, 1200px\" \/><\/a>\n\t\t\t<\/div><\/figure><figure class='gallery-item'>\n\t\t\t<div class='gallery-icon landscape'>\n\t\t\t\t<a data-elementor-open-lightbox=\"yes\" data-elementor-lightbox-slideshow=\"3741179\" data-elementor-lightbox-title=\"IMG_1841\" e-action-hash=\"#elementor-action%3Aaction%3Dlightbox%26settings%3DeyJpZCI6NjgxLCJ1cmwiOiJodHRwOlwvXC9jZW50aHVyeS5jb20uYnJcL3dwLWNvbnRlbnRcL3VwbG9hZHNcLzIwMjFcLzA2XC9JTUdfMTg0MS5qcGciLCJzbGlkZXNob3ciOiIzNzQxMTc5In0%3D\" href='http:\/\/centhury.com.br\/img_1841\/'><img loading=\"lazy\" decoding=\"async\" width=\"1200\" height=\"900\" src=\"http:\/\/centhury.com.br\/wp-content\/uploads\/2021\/06\/IMG_1841.jpg\" class=\"attachment-full size-full\" alt=\"\" srcset=\"http:\/\/centhury.com.br\/wp-content\/uploads\/2021\/06\/IMG_1841.jpg 1200w, http:\/\/centhury.com.br\/wp-content\/uploads\/2021\/06\/IMG_1841-300x225.jpg 300w, http:\/\/centhury.com.br\/wp-content\/uploads\/2021\/06\/IMG_1841-1024x768.jpg 1024w, http:\/\/centhury.com.br\/wp-content\/uploads\/2021\/06\/IMG_1841-768x576.jpg 768w\" sizes=\"(max-width: 1200px) 100vw, 1200px\" \/><\/a>\n\t\t\t<\/div><\/figure><figure class='gallery-item'>\n\t\t\t<div class='gallery-icon landscape'>\n\t\t\t\t<a data-elementor-open-lightbox=\"yes\" data-elementor-lightbox-slideshow=\"3741179\" data-elementor-lightbox-title=\"IMG_1978\" e-action-hash=\"#elementor-action%3Aaction%3Dlightbox%26settings%3DeyJpZCI6Njc5LCJ1cmwiOiJodHRwOlwvXC9jZW50aHVyeS5jb20uYnJcL3dwLWNvbnRlbnRcL3VwbG9hZHNcLzIwMjFcLzA2XC9JTUdfMTk3OC5qcGciLCJzbGlkZXNob3ciOiIzNzQxMTc5In0%3D\" href='http:\/\/centhury.com.br\/img_1978\/'><img loading=\"lazy\" decoding=\"async\" width=\"1200\" height=\"900\" src=\"http:\/\/centhury.com.br\/wp-content\/uploads\/2021\/06\/IMG_1978.jpg\" class=\"attachment-full size-full\" alt=\"\" srcset=\"http:\/\/centhury.com.br\/wp-content\/uploads\/2021\/06\/IMG_1978.jpg 1200w, http:\/\/centhury.com.br\/wp-content\/uploads\/2021\/06\/IMG_1978-300x225.jpg 300w, http:\/\/centhury.com.br\/wp-content\/uploads\/2021\/06\/IMG_1978-1024x768.jpg 1024w, http:\/\/centhury.com.br\/wp-content\/uploads\/2021\/06\/IMG_1978-768x576.jpg 768w\" sizes=\"(max-width: 1200px) 100vw, 1200px\" \/><\/a>\n\t\t\t<\/div><\/figure><figure class='gallery-item'>\n\t\t\t<div class='gallery-icon landscape'>\n\t\t\t\t<a data-elementor-open-lightbox=\"yes\" data-elementor-lightbox-slideshow=\"3741179\" data-elementor-lightbox-title=\"IMG_1909\" e-action-hash=\"#elementor-action%3Aaction%3Dlightbox%26settings%3DeyJpZCI6NjgzLCJ1cmwiOiJodHRwOlwvXC9jZW50aHVyeS5jb20uYnJcL3dwLWNvbnRlbnRcL3VwbG9hZHNcLzIwMjFcLzA2XC9JTUdfMTkwOS5qcGciLCJzbGlkZXNob3ciOiIzNzQxMTc5In0%3D\" href='http:\/\/centhury.com.br\/img_1909\/'><img loading=\"lazy\" decoding=\"async\" width=\"1200\" height=\"900\" src=\"http:\/\/centhury.com.br\/wp-content\/uploads\/2021\/06\/IMG_1909.jpg\" class=\"attachment-full size-full\" alt=\"\" srcset=\"http:\/\/centhury.com.br\/wp-content\/uploads\/2021\/06\/IMG_1909.jpg 1200w, http:\/\/centhury.com.br\/wp-content\/uploads\/2021\/06\/IMG_1909-300x225.jpg 300w, http:\/\/centhury.com.br\/wp-content\/uploads\/2021\/06\/IMG_1909-1024x768.jpg 1024w, http:\/\/centhury.com.br\/wp-content\/uploads\/2021\/06\/IMG_1909-768x576.jpg 768w\" sizes=\"(max-width: 1200px) 100vw, 1200px\" \/><\/a>\n\t\t\t<\/div><\/figure><figure class='gallery-item'>\n\t\t\t<div class='gallery-icon landscape'>\n\t\t\t\t<a data-elementor-open-lightbox=\"yes\" data-elementor-lightbox-slideshow=\"3741179\" data-elementor-lightbox-title=\"IMG_1905\" e-action-hash=\"#elementor-action%3Aaction%3Dlightbox%26settings%3DeyJpZCI6NjgyLCJ1cmwiOiJodHRwOlwvXC9jZW50aHVyeS5jb20uYnJcL3dwLWNvbnRlbnRcL3VwbG9hZHNcLzIwMjFcLzA2XC9JTUdfMTkwNS5qcGciLCJzbGlkZXNob3ciOiIzNzQxMTc5In0%3D\" href='http:\/\/centhury.com.br\/img_1905\/'><img loading=\"lazy\" decoding=\"async\" width=\"1200\" height=\"900\" src=\"http:\/\/centhury.com.br\/wp-content\/uploads\/2021\/06\/IMG_1905.jpg\" class=\"attachment-full size-full\" alt=\"\" srcset=\"http:\/\/centhury.com.br\/wp-content\/uploads\/2021\/06\/IMG_1905.jpg 1200w, http:\/\/centhury.com.br\/wp-content\/uploads\/2021\/06\/IMG_1905-300x225.jpg 300w, http:\/\/centhury.com.br\/wp-content\/uploads\/2021\/06\/IMG_1905-1024x768.jpg 1024w, http:\/\/centhury.com.br\/wp-content\/uploads\/2021\/06\/IMG_1905-768x576.jpg 768w\" sizes=\"(max-width: 1200px) 100vw, 1200px\" \/><\/a>\n\t\t\t<\/div><\/figure>\n\t\t<\/div>\n\t\t<\/div>\n\t\t\t\t<\/div>\n\t\t\t\t<\/div>\n\t\t\t\t\t<\/div>\n\t\t<\/div>\n\t\t\t\t\t\t\t<\/div>\n\t\t<\/section>\n\t\t\t\t\t\t\t<\/div>\n\t\t","protected":false},"excerpt":{"rendered":"<p>Nosso Portf\u00f3lio Aqui, alguns dentre nossos milhares de materiais j\u00e1 realizados.<\/p>\n","protected":false},"author":1,"featured_media":0,"parent":0,"menu_order":0,"comment_status":"closed","ping_status":"closed","template":"","meta":{"_joinchat":[],"footnotes":""},"yoast_head":"<!-- This site is optimized with the Yoast SEO plugin v19.14 - https:\/\/yoast.com\/wordpress\/plugins\/seo\/ -->\n<title>Portfolio - Centhury<\/title>\n<meta name=\"robots\" content=\"index, follow, max-snippet:-1, max-image-preview:large, max-video-preview:-1\" \/>\n<link rel=\"canonical\" href=\"http:\/\/centhury.com.br\/index.php\/portfolio\/\" \/>\n<meta property=\"og:locale\" content=\"en_US\" \/>\n<meta property=\"og:type\" content=\"article\" \/>\n<meta property=\"og:title\" content=\"Portfolio - Centhury\" \/>\n<meta property=\"og:description\" content=\"Nosso Portf\u00f3lio Aqui, alguns dentre nossos milhares de materiais j\u00e1 realizados.\" \/>\n<meta property=\"og:url\" content=\"http:\/\/centhury.com.br\/index.php\/portfolio\/\" \/>\n<meta property=\"og:site_name\" content=\"Centhury\" \/>\n<meta property=\"article:publisher\" content=\"https:\/\/www.facebook.com\/Centhury\" \/>\n<meta property=\"article:modified_time\" content=\"2021-07-03T00:55:10+00:00\" \/>\n<meta property=\"og:image\" content=\"http:\/\/centhury.com.br\/wp-content\/uploads\/2021\/06\/IMG_1838.jpg\" \/>\n<meta name=\"twitter:card\" content=\"summary_large_image\" \/>\n<meta name=\"twitter:label1\" content=\"Est. reading time\" \/>\n\t<meta name=\"twitter:data1\" content=\"2 minutes\" \/>\n<script type=\"application\/ld+json\" class=\"yoast-schema-graph\">{\"@context\":\"https:\/\/schema.org\",\"@graph\":[{\"@type\":\"WebPage\",\"@id\":\"http:\/\/centhury.com.br\/index.php\/portfolio\/\",\"url\":\"http:\/\/centhury.com.br\/index.php\/portfolio\/\",\"name\":\"Portfolio - Centhury\",\"isPartOf\":{\"@id\":\"https:\/\/centhury.com.br\/#website\"},\"datePublished\":\"2021-07-01T20:59:37+00:00\",\"dateModified\":\"2021-07-03T00:55:10+00:00\",\"breadcrumb\":{\"@id\":\"http:\/\/centhury.com.br\/index.php\/portfolio\/#breadcrumb\"},\"inLanguage\":\"en-US\",\"potentialAction\":[{\"@type\":\"ReadAction\",\"target\":[\"http:\/\/centhury.com.br\/index.php\/portfolio\/\"]}]},{\"@type\":\"BreadcrumbList\",\"@id\":\"http:\/\/centhury.com.br\/index.php\/portfolio\/#breadcrumb\",\"itemListElement\":[{\"@type\":\"ListItem\",\"position\":1,\"name\":\"In\u00edcio\",\"item\":\"https:\/\/centhury.com.br\/\"},{\"@type\":\"ListItem\",\"position\":2,\"name\":\"Portfolio\"}]},{\"@type\":\"WebSite\",\"@id\":\"https:\/\/centhury.com.br\/#website\",\"url\":\"https:\/\/centhury.com.br\/\",\"name\":\"Centhury\",\"description\":\"Muito mais que impress\u00e3o!\",\"publisher\":{\"@id\":\"https:\/\/centhury.com.br\/#organization\"},\"potentialAction\":[{\"@type\":\"SearchAction\",\"target\":{\"@type\":\"EntryPoint\",\"urlTemplate\":\"https:\/\/centhury.com.br\/?s={search_term_string}\"},\"query-input\":\"required name=search_term_string\"}],\"inLanguage\":\"en-US\"},{\"@type\":\"Organization\",\"@id\":\"https:\/\/centhury.com.br\/#organization\",\"name\":\"Centhury l Gr\u00e1fica e Comunica\u00e7\u00e3o Visual\",\"url\":\"https:\/\/centhury.com.br\/\",\"logo\":{\"@type\":\"ImageObject\",\"inLanguage\":\"en-US\",\"@id\":\"https:\/\/centhury.com.br\/#\/schema\/logo\/image\/\",\"url\":\"https:\/\/centhury.com.br\/wp-content\/uploads\/2021\/06\/cropped-206451762_187853663346814_8280880239677730780_n.jpg\",\"contentUrl\":\"https:\/\/centhury.com.br\/wp-content\/uploads\/2021\/06\/cropped-206451762_187853663346814_8280880239677730780_n.jpg\",\"width\":1637,\"height\":1092,\"caption\":\"Centhury l Gr\u00e1fica e Comunica\u00e7\u00e3o Visual\"},\"image\":{\"@id\":\"https:\/\/centhury.com.br\/#\/schema\/logo\/image\/\"},\"sameAs\":[\"https:\/\/instagram.com\/graficacenthury\",\"https:\/\/br.linkedin.com\/company\/centhury\",\"https:\/\/www.facebook.com\/Centhury\"]}]}<\/script>\n<!-- \/ Yoast SEO plugin. -->","yoast_head_json":{"title":"Portfolio - Centhury","robots":{"index":"index","follow":"follow","max-snippet":"max-snippet:-1","max-image-preview":"max-image-preview:large","max-video-preview":"max-video-preview:-1"},"canonical":"http:\/\/centhury.com.br\/index.php\/portfolio\/","og_locale":"en_US","og_type":"article","og_title":"Portfolio - Centhury","og_description":"Nosso Portf\u00f3lio Aqui, alguns dentre nossos milhares de materiais j\u00e1 realizados.","og_url":"http:\/\/centhury.com.br\/index.php\/portfolio\/","og_site_name":"Centhury","article_publisher":"https:\/\/www.facebook.com\/Centhury","article_modified_time":"2021-07-03T00:55:10+00:00","og_image":[{"url":"http:\/\/centhury.com.br\/wp-content\/uploads\/2021\/06\/IMG_1838.jpg"}],"twitter_card":"summary_large_image","twitter_misc":{"Est. reading time":"2 minutes"},"schema":{"@context":"https:\/\/schema.org","@graph":[{"@type":"WebPage","@id":"http:\/\/centhury.com.br\/index.php\/portfolio\/","url":"http:\/\/centhury.com.br\/index.php\/portfolio\/","name":"Portfolio - Centhury","isPartOf":{"@id":"https:\/\/centhury.com.br\/#website"},"datePublished":"2021-07-01T20:59:37+00:00","dateModified":"2021-07-03T00:55:10+00:00","breadcrumb":{"@id":"http:\/\/centhury.com.br\/index.php\/portfolio\/#breadcrumb"},"inLanguage":"en-US","potentialAction":[{"@type":"ReadAction","target":["http:\/\/centhury.com.br\/index.php\/portfolio\/"]}]},{"@type":"BreadcrumbList","@id":"http:\/\/centhury.com.br\/index.php\/portfolio\/#breadcrumb","itemListElement":[{"@type":"ListItem","position":1,"name":"In\u00edcio","item":"https:\/\/centhury.com.br\/"},{"@type":"ListItem","position":2,"name":"Portfolio"}]},{"@type":"WebSite","@id":"https:\/\/centhury.com.br\/#website","url":"https:\/\/centhury.com.br\/","name":"Centhury","description":"Muito mais que impress\u00e3o!","publisher":{"@id":"https:\/\/centhury.com.br\/#organization"},"potentialAction":[{"@type":"SearchAction","target":{"@type":"EntryPoint","urlTemplate":"https:\/\/centhury.com.br\/?s={search_term_string}"},"query-input":"required name=search_term_string"}],"inLanguage":"en-US"},{"@type":"Organization","@id":"https:\/\/centhury.com.br\/#organization","name":"Centhury l Gr\u00e1fica e Comunica\u00e7\u00e3o Visual","url":"https:\/\/centhury.com.br\/","logo":{"@type":"ImageObject","inLanguage":"en-US","@id":"https:\/\/centhury.com.br\/#\/schema\/logo\/image\/","url":"https:\/\/centhury.com.br\/wp-content\/uploads\/2021\/06\/cropped-206451762_187853663346814_8280880239677730780_n.jpg","contentUrl":"https:\/\/centhury.com.br\/wp-content\/uploads\/2021\/06\/cropped-206451762_187853663346814_8280880239677730780_n.jpg","width":1637,"height":1092,"caption":"Centhury l Gr\u00e1fica e Comunica\u00e7\u00e3o Visual"},"image":{"@id":"https:\/\/centhury.com.br\/#\/schema\/logo\/image\/"},"sameAs":["https:\/\/instagram.com\/graficacenthury","https:\/\/br.linkedin.com\/company\/centhury","https:\/\/www.facebook.com\/Centhury"]}]}},"_links":{"self":[{"href":"http:\/\/centhury.com.br\/index.php\/wp-json\/wp\/v2\/pages\/1126"}],"collection":[{"href":"http:\/\/centhury.com.br\/index.php\/wp-json\/wp\/v2\/pages"}],"about":[{"href":"http:\/\/centhury.com.br\/index.php\/wp-json\/wp\/v2\/types\/page"}],"author":[{"embeddable":true,"href":"http:\/\/centhury.com.br\/index.php\/wp-json\/wp\/v2\/users\/1"}],"replies":[{"embeddable":true,"href":"http:\/\/centhury.com.br\/index.php\/wp-json\/wp\/v2\/comments?post=1126"}],"version-history":[{"count":16,"href":"http:\/\/centhury.com.br\/index.php\/wp-json\/wp\/v2\/pages\/1126\/revisions"}],"predecessor-version":[{"id":1430,"href":"http:\/\/centhury.com.br\/index.php\/wp-json\/wp\/v2\/pages\/1126\/revisions\/1430"}],"wp:attachment":[{"href":"http:\/\/centhury.com.br\/index.php\/wp-json\/wp\/v2\/media?parent=1126"}],"curies":[{"name":"wp","href":"https:\/\/api.w.org\/{rel}","templated":true}]}}