{"id":1839,"date":"2021-07-24T10:42:09","date_gmt":"2021-07-24T13:42:09","guid":{"rendered":"http:\/\/centhury.com.br\/?page_id=1839"},"modified":"2021-07-26T15:24:29","modified_gmt":"2021-07-26T18:24:29","slug":"embalagens-nova","status":"publish","type":"page","link":"http:\/\/centhury.com.br\/index.php\/embalagens-nova\/","title":{"rendered":"Embalagens nova"},"content":{"rendered":"\t\t<div data-elementor-type=\"wp-page\" data-elementor-id=\"1839\" class=\"elementor elementor-1839\">\n\t\t\t\t\t\t\t\t\t<main class=\"elementor-section elementor-top-section elementor-element elementor-element-7e21b87 elementor-section-height-full elementor-section-boxed elementor-section-height-default elementor-section-items-middle\" data-id=\"7e21b87\" data-element_type=\"section\" data-settings=\"{&quot;background_background&quot;:&quot;classic&quot;}\">\n\t\t\t\t\t\t<div class=\"elementor-container elementor-column-gap-no\">\n\t\t\t\t\t<div class=\"elementor-column elementor-col-50 elementor-top-column elementor-element elementor-element-ecf0f71\" data-id=\"ecf0f71\" data-element_type=\"column\" data-settings=\"{&quot;background_background&quot;:&quot;classic&quot;}\">\n\t\t\t<div class=\"elementor-widget-wrap elementor-element-populated\">\n\t\t\t\t\t<div class=\"elementor-background-overlay\"><\/div>\n\t\t\t\t\t\t\t\t<div class=\"elementor-element elementor-element-ace5ae3 elementor-widget elementor-widget-heading\" data-id=\"ace5ae3\" data-element_type=\"widget\" data-widget_type=\"heading.default\">\n\t\t\t\t<div class=\"elementor-widget-container\">\n\t\t\t<h1 class=\"elementor-heading-title elementor-size-default\"><a href=\"http:\/\/centhury.com.br\/index.php\/embalagens\">Embalagens<\/a><\/h1>\t\t<\/div>\n\t\t\t\t<\/div>\n\t\t\t\t<div class=\"elementor-element elementor-element-1ce6bb4 elementor-widget elementor-widget-heading\" data-id=\"1ce6bb4\" data-element_type=\"widget\" data-widget_type=\"heading.default\">\n\t\t\t\t<div class=\"elementor-widget-container\">\n\t\t\t<h1 class=\"elementor-heading-title elementor-size-default\"><a href=\"http:\/\/centhury.com.br\/index.php\/embalagens\">em Papel<\/a><\/h1>\t\t<\/div>\n\t\t\t\t<\/div>\n\t\t\t\t<div class=\"elementor-element elementor-element-1c0d792 elementor-widget elementor-widget-text-editor\" data-id=\"1c0d792\" data-element_type=\"widget\" data-widget_type=\"text-editor.default\">\n\t\t\t\t<div class=\"elementor-widget-container\">\n\t\t\t\t\t\t\t<div><p>As melhores op\u00e7\u00f5es Para voc\u00ea<\/p><\/div>\t\t\t\t\t\t<\/div>\n\t\t\t\t<\/div>\n\t\t\t\t<div class=\"elementor-element elementor-element-596a066 elementor-widget elementor-widget-text-editor\" data-id=\"596a066\" data-element_type=\"widget\" data-widget_type=\"text-editor.default\">\n\t\t\t\t<div class=\"elementor-widget-container\">\n\t\t\t\t\t\t\t<div><p>Lorem ipsum dolor sit amet, consectetur adipiscing elit, sed do eiusmod tempor incididunt ut labore et dolore magna aliqua. Ut enim ad minim veniam, quis nostrud exercitation ullamco laboris nisi ut aliquip ex ea commodo consequat. Duis aute irure dolor in reprehenderit in voluptate velit esse cillum dolore eu fugiat nulla pariatur. Excepteur sint occaecat cupidatat non proident, sunt in culpa qui officia deserunt mollit anim id est laborum.<\/p><\/div><div>\u00a0<\/div>\t\t\t\t\t\t<\/div>\n\t\t\t\t<\/div>\n\t\t\t\t<div class=\"elementor-element elementor-element-59131d7 elementor-widget elementor-widget-button\" data-id=\"59131d7\" data-element_type=\"widget\" data-widget_type=\"button.default\">\n\t\t\t\t<div class=\"elementor-widget-container\">\n\t\t\t\t\t<div class=\"elementor-button-wrapper\">\n\t\t\t<a href=\"#contato\" class=\"elementor-button-link elementor-button elementor-size-sm\" role=\"button\">\n\t\t\t\t\t\t<span class=\"elementor-button-content-wrapper\">\n\t\t\t\t\t\t\t<span class=\"elementor-button-icon elementor-align-icon-left\">\n\t\t\t\t<i aria-hidden=\"true\" class=\"fas fa-arrow-circle-right\"><\/i>\t\t\t<\/span>\n\t\t\t\t\t\t<span class=\"elementor-button-text\">contato<\/span>\n\t\t<\/span>\n\t\t\t\t\t<\/a>\n\t\t<\/div>\n\t\t\t\t<\/div>\n\t\t\t\t<\/div>\n\t\t\t\t\t<\/div>\n\t\t<\/div>\n\t\t\t\t<div class=\"elementor-column elementor-col-50 elementor-top-column elementor-element elementor-element-f057f48\" data-id=\"f057f48\" data-element_type=\"column\" data-settings=\"{&quot;background_background&quot;:&quot;classic&quot;}\">\n\t\t\t<div class=\"elementor-widget-wrap\">\n\t\t\t\t\t<div class=\"elementor-background-overlay\"><\/div>\n\t\t\t\t\t\t\t\t\t<\/div>\n\t\t<\/div>\n\t\t\t\t\t\t\t<\/div>\n\t\t<\/main>\n\t\t\t\t<section class=\"elementor-section elementor-top-section elementor-element elementor-element-ea5ede7 elementor-section-stretched elementor-section-boxed elementor-section-height-default elementor-section-height-default\" data-id=\"ea5ede7\" data-element_type=\"section\" data-settings=\"{&quot;stretch_section&quot;:&quot;section-stretched&quot;,&quot;background_background&quot;:&quot;classic&quot;}\">\n\t\t\t\t\t\t<div class=\"elementor-container elementor-column-gap-default\">\n\t\t\t\t\t<div class=\"elementor-column elementor-col-100 elementor-top-column elementor-element elementor-element-7a57a8c\" data-id=\"7a57a8c\" data-element_type=\"column\">\n\t\t\t<div class=\"elementor-widget-wrap elementor-element-populated\">\n\t\t\t\t\t\t\t\t<div class=\"elementor-element elementor-element-7c2c807 elementor-widget elementor-widget-heading\" data-id=\"7c2c807\" data-element_type=\"widget\" data-widget_type=\"heading.default\">\n\t\t\t\t<div class=\"elementor-widget-container\">\n\t\t\t<h1 class=\"elementor-heading-title elementor-size-default\">Vantagens<\/h1>\t\t<\/div>\n\t\t\t\t<\/div>\n\t\t\t\t<section class=\"elementor-section elementor-inner-section elementor-element elementor-element-0fb963e elementor-section-boxed elementor-section-height-default elementor-section-height-default\" data-id=\"0fb963e\" data-element_type=\"section\">\n\t\t\t\t\t\t<div class=\"elementor-container elementor-column-gap-default\">\n\t\t\t\t\t<div class=\"elementor-column elementor-col-20 elementor-inner-column elementor-element elementor-element-e7da4bf\" data-id=\"e7da4bf\" data-element_type=\"column\">\n\t\t\t<div class=\"elementor-widget-wrap\">\n\t\t\t\t\t\t\t\t\t<\/div>\n\t\t<\/div>\n\t\t\t\t<div class=\"elementor-column elementor-col-20 elementor-inner-column elementor-element elementor-element-5fed716\" data-id=\"5fed716\" data-element_type=\"column\" data-settings=\"{&quot;background_background&quot;:&quot;classic&quot;}\">\n\t\t\t<div class=\"elementor-widget-wrap elementor-element-populated\">\n\t\t\t\t\t\t\t\t<div class=\"elementor-element elementor-element-7c76038 elementor-position-top elementor-vertical-align-top elementor-widget elementor-widget-image-box\" data-id=\"7c76038\" data-element_type=\"widget\" data-widget_type=\"image-box.default\">\n\t\t\t\t<div class=\"elementor-widget-container\">\n\t\t\t<div class=\"elementor-image-box-wrapper\"><figure class=\"elementor-image-box-img\"><a href=\"http:\/\/centhury.com.br\/index.php\/embalagens\"><img loading=\"lazy\" decoding=\"async\" width=\"64\" height=\"64\" src=\"http:\/\/centhury.com.br\/wp-content\/uploads\/2021\/07\/customer-care.png\" class=\"attachment-full size-full wp-image-1829\" alt=\"\" \/><\/a><\/figure><div class=\"elementor-image-box-content\"><h3 class=\"elementor-image-box-title\"><a href=\"http:\/\/centhury.com.br\/index.php\/embalagens\">Pr\u00e1tico<\/a><\/h3><p class=\"elementor-image-box-description\">Seu pedido acompanhado e assessorado do in\u00edcio ao fim por profissionais qualificados, garantindo assim a melhor entrega e satisfa\u00e7\u00e3o.<\/p><\/div><\/div>\t\t<\/div>\n\t\t\t\t<\/div>\n\t\t\t\t\t<\/div>\n\t\t<\/div>\n\t\t\t\t<div class=\"elementor-column elementor-col-20 elementor-inner-column elementor-element elementor-element-1490666\" data-id=\"1490666\" data-element_type=\"column\" data-settings=\"{&quot;background_background&quot;:&quot;classic&quot;}\">\n\t\t\t<div class=\"elementor-widget-wrap elementor-element-populated\">\n\t\t\t\t\t\t\t\t<div class=\"elementor-element elementor-element-f20b593 elementor-position-top elementor-vertical-align-top elementor-widget elementor-widget-image-box\" data-id=\"f20b593\" data-element_type=\"widget\" data-widget_type=\"image-box.default\">\n\t\t\t\t<div class=\"elementor-widget-container\">\n\t\t\t<div class=\"elementor-image-box-wrapper\"><figure class=\"elementor-image-box-img\"><a href=\"http:\/\/centhury.com.br\/index.php\/catalogos\"><img loading=\"lazy\" decoding=\"async\" width=\"64\" height=\"64\" src=\"http:\/\/centhury.com.br\/wp-content\/uploads\/2021\/07\/truck.png\" class=\"attachment-full size-full wp-image-1830\" alt=\"\" \/><\/a><\/figure><div class=\"elementor-image-box-content\"><h3 class=\"elementor-image-box-title\"><a href=\"http:\/\/centhury.com.br\/index.php\/catalogos\">VErs\u00e1til<\/a><\/h3><p class=\"elementor-image-box-description\">Seu pedido onde e como voc\u00ea quiser, no seu pr\u00f3prio tempo, sem burocracias e terceiros envolvidos no processo, s\u00f3 voc\u00ea e a Centhury.<\/p><\/div><\/div>\t\t<\/div>\n\t\t\t\t<\/div>\n\t\t\t\t\t<\/div>\n\t\t<\/div>\n\t\t\t\t<div class=\"elementor-column elementor-col-20 elementor-inner-column elementor-element elementor-element-c29ae04\" data-id=\"c29ae04\" data-element_type=\"column\" data-settings=\"{&quot;background_background&quot;:&quot;classic&quot;}\">\n\t\t\t<div class=\"elementor-widget-wrap elementor-element-populated\">\n\t\t\t\t\t\t\t\t<div class=\"elementor-element elementor-element-60fc98a elementor-position-top elementor-vertical-align-top elementor-widget elementor-widget-image-box\" data-id=\"60fc98a\" data-element_type=\"widget\" data-widget_type=\"image-box.default\">\n\t\t\t\t<div class=\"elementor-widget-container\">\n\t\t\t<div class=\"elementor-image-box-wrapper\"><figure class=\"elementor-image-box-img\"><a href=\"http:\/\/centhury.com.br\/index.php\/comunicacao-visual\"><img loading=\"lazy\" decoding=\"async\" width=\"64\" height=\"64\" src=\"http:\/\/centhury.com.br\/wp-content\/uploads\/2021\/07\/trees.png\" class=\"attachment-full size-full wp-image-1828\" alt=\"\" \/><\/a><\/figure><div class=\"elementor-image-box-content\"><h3 class=\"elementor-image-box-title\"><a href=\"http:\/\/centhury.com.br\/index.php\/comunicacao-visual\">sustent\u00e1vel<\/a><\/h3><p class=\"elementor-image-box-description\">Temos parcerias em projetos sociais e parceiros que visam o melhor retorno de materiais recicl\u00e1veis\/t\u00f3xicos e utiliza\u00e7\u00e3o de mat\u00e9rias primas de solo replant\u00e1vel.<\/p><\/div><\/div>\t\t<\/div>\n\t\t\t\t<\/div>\n\t\t\t\t\t<\/div>\n\t\t<\/div>\n\t\t\t\t<div class=\"elementor-column elementor-col-20 elementor-inner-column elementor-element elementor-element-54001fe\" data-id=\"54001fe\" data-element_type=\"column\">\n\t\t\t<div class=\"elementor-widget-wrap\">\n\t\t\t\t\t\t\t\t\t<\/div>\n\t\t<\/div>\n\t\t\t\t\t\t\t<\/div>\n\t\t<\/section>\n\t\t\t\t\t<\/div>\n\t\t<\/div>\n\t\t\t\t\t\t\t<\/div>\n\t\t<\/section>\n\t\t\t\t<section class=\"elementor-section elementor-top-section elementor-element elementor-element-2051320 elementor-section-height-min-height elementor-section-stretched elementor-section-boxed elementor-section-height-default elementor-section-items-middle\" data-id=\"2051320\" data-element_type=\"section\" data-settings=\"{&quot;stretch_section&quot;:&quot;section-stretched&quot;,&quot;background_background&quot;:&quot;classic&quot;}\">\n\t\t\t\t\t\t<div class=\"elementor-container elementor-column-gap-default\">\n\t\t\t\t\t<div class=\"elementor-column elementor-col-100 elementor-top-column elementor-element elementor-element-4509aaf\" data-id=\"4509aaf\" data-element_type=\"column\">\n\t\t\t<div class=\"elementor-widget-wrap elementor-element-populated\">\n\t\t\t\t\t\t\t\t<div class=\"elementor-element elementor-element-531c724 elementor-widget elementor-widget-menu-anchor\" data-id=\"531c724\" data-element_type=\"widget\" data-widget_type=\"menu-anchor.default\">\n\t\t\t\t<div class=\"elementor-widget-container\">\n\t\t\t\t\t<div id=\"contato\" class=\"elementor-menu-anchor\"><\/div>\n\t\t\t\t<\/div>\n\t\t\t\t<\/div>\n\t\t\t\t<section class=\"elementor-section elementor-inner-section elementor-element elementor-element-601c0e0 elementor-section-boxed elementor-section-height-default elementor-section-height-default\" data-id=\"601c0e0\" data-element_type=\"section\">\n\t\t\t\t\t\t<div class=\"elementor-container elementor-column-gap-default\">\n\t\t\t\t\t<div class=\"elementor-column elementor-col-50 elementor-inner-column elementor-element elementor-element-ef3c8d9\" data-id=\"ef3c8d9\" data-element_type=\"column\">\n\t\t\t<div class=\"elementor-widget-wrap elementor-element-populated\">\n\t\t\t\t\t\t\t\t<div class=\"elementor-element elementor-element-b369532 elementor-widget elementor-widget-google_maps\" data-id=\"b369532\" data-element_type=\"widget\" data-widget_type=\"google_maps.default\">\n\t\t\t\t<div class=\"elementor-widget-container\">\n\t\t\t\t\t<div class=\"elementor-custom-embed\">\n\t\t\t<iframe loading=\"lazy\"\n\t\t\t\t\tsrc=\"https:\/\/maps.google.com\/maps?q=Centhury%20Artes%20Gr%C3%A1ficas&#038;t=m&#038;z=13&#038;output=embed&#038;iwloc=near\"\n\t\t\t\t\ttitle=\"Centhury Artes Gr\u00e1ficas\"\n\t\t\t\t\taria-label=\"Centhury Artes Gr\u00e1ficas\"\n\t\t\t><\/iframe>\n\t\t<\/div>\n\t\t\t\t<\/div>\n\t\t\t\t<\/div>\n\t\t\t\t\t<\/div>\n\t\t<\/div>\n\t\t\t\t<div class=\"elementor-column elementor-col-50 elementor-inner-column elementor-element elementor-element-50c15b0\" data-id=\"50c15b0\" data-element_type=\"column\">\n\t\t\t<div class=\"elementor-widget-wrap elementor-element-populated\">\n\t\t\t\t\t\t\t\t<div class=\"elementor-element elementor-element-9e0f0fe elementor-widget elementor-widget-text-editor\" data-id=\"9e0f0fe\" data-element_type=\"widget\" data-widget_type=\"text-editor.default\">\n\t\t\t\t<div class=\"elementor-widget-container\">\n\t\t\t\t\t\t\t<p style=\"text-align: left;\">Ficou alguma d\u00favida<\/p>\t\t\t\t\t\t<\/div>\n\t\t\t\t<\/div>\n\t\t\t\t<div class=\"elementor-element elementor-element-75c6677 elementor-widget elementor-widget-heading\" data-id=\"75c6677\" data-element_type=\"widget\" data-widget_type=\"heading.default\">\n\t\t\t\t<div class=\"elementor-widget-container\">\n\t\t\t<h1 class=\"elementor-heading-title elementor-size-default\">Entre em contato <\/h1>\t\t<\/div>\n\t\t\t\t<\/div>\n\t\t\t\t<div class=\"elementor-element elementor-element-66af1b9 elementor-widget elementor-widget-wpforms\" data-id=\"66af1b9\" data-element_type=\"widget\" data-widget_type=\"wpforms.default\">\n\t\t\t\t<div class=\"elementor-widget-container\">\n\t\t\t<div class=\"wpforms-container \" id=\"wpforms-546\"><form id=\"wpforms-form-546\" class=\"wpforms-validate wpforms-form\" data-formid=\"546\" method=\"post\" enctype=\"multipart\/form-data\" action=\"\/index.php\/wp-json\/wp\/v2\/pages\/1839\" data-token=\"f4372d7295392f830cb6cf510daf6d1c\"><noscript class=\"wpforms-error-noscript\">Please enable JavaScript in your browser to complete this form.<\/noscript><div class=\"wpforms-field-container\"><div id=\"wpforms-546-field_3-container\" class=\"wpforms-field wpforms-field-name\" data-field-id=\"3\"><label class=\"wpforms-field-label wpforms-label-hide\" for=\"wpforms-546-field_3\">Nome <span class=\"wpforms-required-label\">*<\/span><\/label><input type=\"text\" id=\"wpforms-546-field_3\" class=\"wpforms-field-large wpforms-field-required\" name=\"wpforms[fields][3]\" placeholder=\"Nome\" required><\/div><div id=\"wpforms-546-field_4-container\" class=\"wpforms-field wpforms-field-name\" data-field-id=\"4\"><label class=\"wpforms-field-label wpforms-label-hide\" for=\"wpforms-546-field_4\">Telefone <span class=\"wpforms-required-label\">*<\/span><\/label><input type=\"text\" id=\"wpforms-546-field_4\" class=\"wpforms-field-large wpforms-field-required\" name=\"wpforms[fields][4]\" placeholder=\"Telefone\" required><\/div><div id=\"wpforms-546-field_1-container\" class=\"wpforms-field wpforms-field-email\" data-field-id=\"1\"><label class=\"wpforms-field-label wpforms-label-hide\" for=\"wpforms-546-field_1\">Email <span class=\"wpforms-required-label\">*<\/span><\/label><input type=\"email\" id=\"wpforms-546-field_1\" class=\"wpforms-field-large wpforms-field-required\" name=\"wpforms[fields][1]\" placeholder=\"Email\" required><\/div><div id=\"wpforms-546-field_5-container\" class=\"wpforms-field wpforms-field-textarea\" data-field-id=\"5\"><label class=\"wpforms-field-label wpforms-label-hide\" for=\"wpforms-546-field_5\">Mensagem<\/label><textarea id=\"wpforms-546-field_5\" class=\"wpforms-field-medium\" name=\"wpforms[fields][5]\" placeholder=\"Mensagem\" ><\/textarea><\/div><\/div><div class=\"wpforms-field wpforms-field-hp\"><label for=\"wpforms-546-field-hp\" class=\"wpforms-field-label\">Phone<\/label><input type=\"text\" name=\"wpforms[hp]\" id=\"wpforms-546-field-hp\" class=\"wpforms-field-medium\"><\/div><div class=\"wpforms-submit-container\"><input type=\"hidden\" name=\"wpforms[id]\" value=\"546\"><input type=\"hidden\" name=\"wpforms[author]\" value=\"1\"><button type=\"submit\" name=\"wpforms[submit]\" id=\"wpforms-submit-546\" class=\"wpforms-submit\" data-alt-text=\"Enviando...\" data-submit-text=\"Enviar\" aria-live=\"assertive\" value=\"wpforms-submit\">Enviar<\/button><\/div><\/form><\/div>  <!-- .wpforms-container -->\t\t<\/div>\n\t\t\t\t<\/div>\n\t\t\t\t\t<\/div>\n\t\t<\/div>\n\t\t\t\t\t\t\t<\/div>\n\t\t<\/section>\n\t\t\t\t\t<\/div>\n\t\t<\/div>\n\t\t\t\t\t\t\t<\/div>\n\t\t<\/section>\n\t\t\t\t\t\t\t<\/div>\n\t\t","protected":false},"excerpt":{"rendered":"<p>Embalagens em Papel As melhores op\u00e7\u00f5es Para voc\u00ea Lorem ipsum dolor sit amet, consectetur adipiscing elit, sed do eiusmod tempor incididunt ut labore et dolore magna aliqua. Ut enim ad minim veniam, quis nostrud exercitation ullamco laboris nisi ut aliquip ex ea commodo consequat. Duis aute irure dolor in reprehenderit in voluptate velit esse cillum &hellip;<\/p>\n<p class=\"read-more\"> <a class=\"\" href=\"http:\/\/centhury.com.br\/index.php\/embalagens-nova\/\"> <span class=\"screen-reader-text\">Embalagens nova<\/span> Read More &raquo;<\/a><\/p>\n","protected":false},"author":1,"featured_media":0,"parent":0,"menu_order":0,"comment_status":"closed","ping_status":"closed","template":"","meta":{"_joinchat":[],"footnotes":""},"yoast_head":"<!-- This site is optimized with the Yoast SEO plugin v19.14 - https:\/\/yoast.com\/wordpress\/plugins\/seo\/ -->\n<title>Embalagens nova - Centhury<\/title>\n<meta name=\"robots\" content=\"index, follow, max-snippet:-1, max-image-preview:large, max-video-preview:-1\" \/>\n<link rel=\"canonical\" href=\"http:\/\/centhury.com.br\/index.php\/embalagens-nova\/\" \/>\n<meta property=\"og:locale\" content=\"en_US\" \/>\n<meta property=\"og:type\" content=\"article\" \/>\n<meta property=\"og:title\" content=\"Embalagens nova - Centhury\" \/>\n<meta property=\"og:description\" content=\"Embalagens em Papel As melhores op\u00e7\u00f5es Para voc\u00ea Lorem ipsum dolor sit amet, consectetur adipiscing elit, sed do eiusmod tempor incididunt ut labore et dolore magna aliqua. Ut enim ad minim veniam, quis nostrud exercitation ullamco laboris nisi ut aliquip ex ea commodo consequat. Duis aute irure dolor in reprehenderit in voluptate velit esse cillum &hellip; Embalagens nova Read More &raquo;\" \/>\n<meta property=\"og:url\" content=\"http:\/\/centhury.com.br\/index.php\/embalagens-nova\/\" \/>\n<meta property=\"og:site_name\" content=\"Centhury\" \/>\n<meta property=\"article:publisher\" content=\"https:\/\/www.facebook.com\/Centhury\" \/>\n<meta property=\"article:modified_time\" content=\"2021-07-26T18:24:29+00:00\" \/>\n<meta property=\"og:image\" content=\"http:\/\/centhury.com.br\/wp-content\/uploads\/2021\/07\/customer-care.png\" \/>\n<meta name=\"twitter:card\" content=\"summary_large_image\" \/>\n<meta name=\"twitter:label1\" content=\"Est. reading time\" \/>\n\t<meta name=\"twitter:data1\" content=\"2 minutes\" \/>\n<script type=\"application\/ld+json\" class=\"yoast-schema-graph\">{\"@context\":\"https:\/\/schema.org\",\"@graph\":[{\"@type\":\"WebPage\",\"@id\":\"http:\/\/centhury.com.br\/index.php\/embalagens-nova\/\",\"url\":\"http:\/\/centhury.com.br\/index.php\/embalagens-nova\/\",\"name\":\"Embalagens nova - Centhury\",\"isPartOf\":{\"@id\":\"https:\/\/centhury.com.br\/#website\"},\"datePublished\":\"2021-07-24T13:42:09+00:00\",\"dateModified\":\"2021-07-26T18:24:29+00:00\",\"breadcrumb\":{\"@id\":\"http:\/\/centhury.com.br\/index.php\/embalagens-nova\/#breadcrumb\"},\"inLanguage\":\"en-US\",\"potentialAction\":[{\"@type\":\"ReadAction\",\"target\":[\"http:\/\/centhury.com.br\/index.php\/embalagens-nova\/\"]}]},{\"@type\":\"BreadcrumbList\",\"@id\":\"http:\/\/centhury.com.br\/index.php\/embalagens-nova\/#breadcrumb\",\"itemListElement\":[{\"@type\":\"ListItem\",\"position\":1,\"name\":\"In\u00edcio\",\"item\":\"https:\/\/centhury.com.br\/\"},{\"@type\":\"ListItem\",\"position\":2,\"name\":\"Embalagens nova\"}]},{\"@type\":\"WebSite\",\"@id\":\"https:\/\/centhury.com.br\/#website\",\"url\":\"https:\/\/centhury.com.br\/\",\"name\":\"Centhury\",\"description\":\"Muito mais que impress\u00e3o!\",\"publisher\":{\"@id\":\"https:\/\/centhury.com.br\/#organization\"},\"potentialAction\":[{\"@type\":\"SearchAction\",\"target\":{\"@type\":\"EntryPoint\",\"urlTemplate\":\"https:\/\/centhury.com.br\/?s={search_term_string}\"},\"query-input\":\"required name=search_term_string\"}],\"inLanguage\":\"en-US\"},{\"@type\":\"Organization\",\"@id\":\"https:\/\/centhury.com.br\/#organization\",\"name\":\"Centhury l Gr\u00e1fica e Comunica\u00e7\u00e3o Visual\",\"url\":\"https:\/\/centhury.com.br\/\",\"logo\":{\"@type\":\"ImageObject\",\"inLanguage\":\"en-US\",\"@id\":\"https:\/\/centhury.com.br\/#\/schema\/logo\/image\/\",\"url\":\"https:\/\/centhury.com.br\/wp-content\/uploads\/2021\/06\/cropped-206451762_187853663346814_8280880239677730780_n.jpg\",\"contentUrl\":\"https:\/\/centhury.com.br\/wp-content\/uploads\/2021\/06\/cropped-206451762_187853663346814_8280880239677730780_n.jpg\",\"width\":1637,\"height\":1092,\"caption\":\"Centhury l Gr\u00e1fica e Comunica\u00e7\u00e3o Visual\"},\"image\":{\"@id\":\"https:\/\/centhury.com.br\/#\/schema\/logo\/image\/\"},\"sameAs\":[\"https:\/\/instagram.com\/graficacenthury\",\"https:\/\/br.linkedin.com\/company\/centhury\",\"https:\/\/www.facebook.com\/Centhury\"]}]}<\/script>\n<!-- \/ Yoast SEO plugin. -->","yoast_head_json":{"title":"Embalagens nova - Centhury","robots":{"index":"index","follow":"follow","max-snippet":"max-snippet:-1","max-image-preview":"max-image-preview:large","max-video-preview":"max-video-preview:-1"},"canonical":"http:\/\/centhury.com.br\/index.php\/embalagens-nova\/","og_locale":"en_US","og_type":"article","og_title":"Embalagens nova - Centhury","og_description":"Embalagens em Papel As melhores op\u00e7\u00f5es Para voc\u00ea Lorem ipsum dolor sit amet, consectetur adipiscing elit, sed do eiusmod tempor incididunt ut labore et dolore magna aliqua. Ut enim ad minim veniam, quis nostrud exercitation ullamco laboris nisi ut aliquip ex ea commodo consequat. Duis aute irure dolor in reprehenderit in voluptate velit esse cillum &hellip; Embalagens nova Read More &raquo;","og_url":"http:\/\/centhury.com.br\/index.php\/embalagens-nova\/","og_site_name":"Centhury","article_publisher":"https:\/\/www.facebook.com\/Centhury","article_modified_time":"2021-07-26T18:24:29+00:00","og_image":[{"url":"http:\/\/centhury.com.br\/wp-content\/uploads\/2021\/07\/customer-care.png"}],"twitter_card":"summary_large_image","twitter_misc":{"Est. reading time":"2 minutes"},"schema":{"@context":"https:\/\/schema.org","@graph":[{"@type":"WebPage","@id":"http:\/\/centhury.com.br\/index.php\/embalagens-nova\/","url":"http:\/\/centhury.com.br\/index.php\/embalagens-nova\/","name":"Embalagens nova - Centhury","isPartOf":{"@id":"https:\/\/centhury.com.br\/#website"},"datePublished":"2021-07-24T13:42:09+00:00","dateModified":"2021-07-26T18:24:29+00:00","breadcrumb":{"@id":"http:\/\/centhury.com.br\/index.php\/embalagens-nova\/#breadcrumb"},"inLanguage":"en-US","potentialAction":[{"@type":"ReadAction","target":["http:\/\/centhury.com.br\/index.php\/embalagens-nova\/"]}]},{"@type":"BreadcrumbList","@id":"http:\/\/centhury.com.br\/index.php\/embalagens-nova\/#breadcrumb","itemListElement":[{"@type":"ListItem","position":1,"name":"In\u00edcio","item":"https:\/\/centhury.com.br\/"},{"@type":"ListItem","position":2,"name":"Embalagens nova"}]},{"@type":"WebSite","@id":"https:\/\/centhury.com.br\/#website","url":"https:\/\/centhury.com.br\/","name":"Centhury","description":"Muito mais que impress\u00e3o!","publisher":{"@id":"https:\/\/centhury.com.br\/#organization"},"potentialAction":[{"@type":"SearchAction","target":{"@type":"EntryPoint","urlTemplate":"https:\/\/centhury.com.br\/?s={search_term_string}"},"query-input":"required name=search_term_string"}],"inLanguage":"en-US"},{"@type":"Organization","@id":"https:\/\/centhury.com.br\/#organization","name":"Centhury l Gr\u00e1fica e Comunica\u00e7\u00e3o Visual","url":"https:\/\/centhury.com.br\/","logo":{"@type":"ImageObject","inLanguage":"en-US","@id":"https:\/\/centhury.com.br\/#\/schema\/logo\/image\/","url":"https:\/\/centhury.com.br\/wp-content\/uploads\/2021\/06\/cropped-206451762_187853663346814_8280880239677730780_n.jpg","contentUrl":"https:\/\/centhury.com.br\/wp-content\/uploads\/2021\/06\/cropped-206451762_187853663346814_8280880239677730780_n.jpg","width":1637,"height":1092,"caption":"Centhury l Gr\u00e1fica e Comunica\u00e7\u00e3o Visual"},"image":{"@id":"https:\/\/centhury.com.br\/#\/schema\/logo\/image\/"},"sameAs":["https:\/\/instagram.com\/graficacenthury","https:\/\/br.linkedin.com\/company\/centhury","https:\/\/www.facebook.com\/Centhury"]}]}},"_links":{"self":[{"href":"http:\/\/centhury.com.br\/index.php\/wp-json\/wp\/v2\/pages\/1839"}],"collection":[{"href":"http:\/\/centhury.com.br\/index.php\/wp-json\/wp\/v2\/pages"}],"about":[{"href":"http:\/\/centhury.com.br\/index.php\/wp-json\/wp\/v2\/types\/page"}],"author":[{"embeddable":true,"href":"http:\/\/centhury.com.br\/index.php\/wp-json\/wp\/v2\/users\/1"}],"replies":[{"embeddable":true,"href":"http:\/\/centhury.com.br\/index.php\/wp-json\/wp\/v2\/comments?post=1839"}],"version-history":[{"count":8,"href":"http:\/\/centhury.com.br\/index.php\/wp-json\/wp\/v2\/pages\/1839\/revisions"}],"predecessor-version":[{"id":1859,"href":"http:\/\/centhury.com.br\/index.php\/wp-json\/wp\/v2\/pages\/1839\/revisions\/1859"}],"wp:attachment":[{"href":"http:\/\/centhury.com.br\/index.php\/wp-json\/wp\/v2\/media?parent=1839"}],"curies":[{"name":"wp","href":"https:\/\/api.w.org\/{rel}","templated":true}]}}